{"id":6,"date":"2014-09-01T06:40:16","date_gmt":"2014-09-01T06:40:16","guid":{"rendered":"http:\/\/odhadyvesely.cz\/?page_id=6"},"modified":"2023-02-20T13:45:47","modified_gmt":"2023-02-20T13:45:47","slug":"trzni-hodnota","status":"publish","type":"page","link":"https:\/\/odhadyvesely.cz\/?page_id=6","title":{"rendered":"Definice"},"content":{"rendered":"<h2 style=\"color: #000000;\">Tr\u017en\u00ed hodnota \/ obvykl\u00e1 cena<\/h2>\n<p style=\"color: #000000;\"><strong>Obvykl\u00e1 cena<\/strong><br>Dle aktu\u00e1ln\u00ed legislativy pouze cena stanoven\u00e1 porovn\u00e1n\u00edm a to pomoc\u00ed realizovan\u00fdch prodej\u016f obdobn\u00e9ho nemovit\u00e9ho majetku. S minim\u00e1ln\u00edm po\u010dtem t\u0159\u00ed prvk\u016f v porovn\u00e1n\u00ed. Pro pou\u017eit\u00ed obvykl\u00e9 ceny v n\u00e1zvu odhadu je tedy porovnatelnost v m\u00edst\u011b a \u010dase s obchodovan\u00fdmi nemovitostmi. <strong>Cenu obvyklou lze tedy v\u011bt\u0161inou stanovit pouze pro byty, domy a pozemky.<\/strong> V porovn\u00e1n\u00ed je nutn\u00e9 m\u00edt k dispozici informace o prodejn\u00edch cen\u00e1ch. Tyto obchodovan\u00e9 ceny je nutn\u00e9 v porovn\u00e1n\u00ed vyhodnotit a p\u0159\u00edpadn\u011b upravit o vlivy odli\u0161nost\u00ed. Pou\u017eit\u00e9 prodeje by tedy m\u011bly b\u00fdt z co mo\u017en\u00e1 nejkrat\u0161\u00ed doby od data ocen\u011bn\u00ed. Dal\u0161\u00edmi odli\u0161nostmi, kter\u00e9 se v porovn\u00e1n\u00ed hodnot\u00ed je poloha, technick\u00fd stav, velikost, atd. Cenu obvyklou je tedy mo\u017en\u00e9 stanovit pro&nbsp; nemovitosti, kter\u00e9 se b\u011b\u017en\u011b obchoduj\u00ed a jsou porovnateln\u00e9.&nbsp;<br>V sou\u010dasn\u00e9 situaci (rok 2023) je sestaven\u00ed obvykl\u00e9 ceny pom\u011brn\u011b problematick\u00e9, zm\u011bny v prodejn\u00edch cen\u00e1ch jsou zna\u010dn\u00e9 zejm\u00e9na u v\u011bt\u0161\u00edch rodinn\u00fdch dom\u016f a u v\u011bt\u0161\u00edch byt\u016f (dispozice 3+1 a v\u00edce). D\u016fvodem je prudk\u00fd r\u016fst \u00farokov\u00fdch sazeb a tedy v\u00fdrazn\u00e9 sn\u00ed\u017een\u00ed po\u010dtu potenci\u00e1ln\u00edch kupc\u016f.&nbsp; Realizovan\u00e9 ceny z roku 2021 a 2022 ji\u017e tedy nejsou vypov\u00eddaj\u00edc\u00ed. Aktu\u00e1ln\u011b doch\u00e1z\u00ed k \u00faprav\u011b cen, kdy nab\u00eddka ji\u017e v\u00fdrazn\u011b p\u0159evy\u0161uje popt\u00e1vku na trhu&#8230; Obvykl\u00e1 cena je tedy l\u00e9pe sestaviteln\u00e1 v m\u00e9n\u011b prom\u011bnliv\u00e9 dob\u011b. <br><strong>V\u00fdstupem ocen\u011bn\u00ed je odhad obvykl\u00e9 ceny.<\/strong><\/p>\n<p><strong>Tr\u017en\u00ed hodnota<\/strong><br>Pokud nen\u00ed mo\u017en\u00e9 sestavit cenu obvyklou, stanovuje se v ocen\u011bn\u00ed tr\u017en\u00ed hodnota. Ur\u010d\u00ed op\u011bt pomoc\u00ed porovn\u00e1n\u00ed, ale je mo\u017en\u00e9 pou\u017e\u00edt i v\u00fdnosovou metodu (vyhodnocen\u00ed p\u0159\u00edjm\u016f, n\u00e1klad\u016f, kapitalizace&#8230;). <br>P\u0159i pou\u017eit\u00ed porovn\u00e1vac\u00ed metody nejsou srovn\u00e1van\u00e9 vzorky se zn\u00e1mou obchodovanou cenou. B\u011b\u017en\u011b se tedy pou\u017eij\u00ed inzerce z data zpracov\u00e1n\u00ed. Cenotvornou slo\u017ekou ocen\u011bn\u00ed nen\u00ed realizovan\u00fd prodej, ale inzerovan\u00e1 nemovitost. Zde je v ocen\u011bn\u00ed nutn\u00e9 uva\u017eovat s redukc\u00ed ceny o neuskute\u010dn\u011bn\u00fd prodej (nejistota a mo\u017en\u00fd rozd\u00edl v nab\u00edzen\u00e9 a v\u00fdsledn\u00e9 prodejn\u00ed cen\u011b). Redukce je b\u011b\u017en\u011b v rozmez\u00ed 10-15%. Ale jsou i redukce kolem 15-25% (posuzuje se individu\u00e1ln\u011b).<br>V\u00fdnosov\u00e1 metoda se pou\u017e\u00edv\u00e1 jako z\u00e1sadn\u00ed pro ocen\u011bn\u00ed nemovit\u00fdch v\u011bc\u00ed komer\u010dn\u00edho charakteru (jejich provoz nebo pron\u00e1jem generuje p\u0159\u00edjmy). Jedn\u00e1 se o bytov\u00e9 domy, objekty slu\u017eeb a obchod\u016f, penziony, skladov\u00e9 a provozn\u00ed are\u00e1ly a dal\u0161\u00ed.<br>Posuzuje se p\u0159\u00edjem z provozu a vyhodnocuj\u00ed se n\u00e1klady. U v\u00fdnosov\u00e9 metody je nutn\u00e9 sestavit i n\u00e1kladovou hodnotu pro ur\u010den\u00ed orienta\u010dn\u00edch n\u00e1klad\u016f na udr\u017eov\u00e1n\u00ed stavu.<br><strong>V\u00fdstupem ocen\u011bn\u00ed je potom odhad tr\u017en\u00ed hodnoty.&nbsp;<\/strong><\/p>\n<p style=\"color: #000000;\">Okrajovou metodou je metoda n\u00e1kladov\u00e1 nebo tak\u00e9 reproduk\u010dn\u00ed cena, jednodu\u0161e za kolik je mo\u017en\u00e9 danou nemovitost znovu postavit. Tato metoda je pou\u017e\u00edv\u00e1na jako podp\u016frn\u00e1 pro ov\u011b\u0159en\u00ed hodnoty a jako podklad pro sestaven\u00ed hodnoty v\u00fdnosov\u00e9.<br>N\u00e1kladov\u00e1 hodnoty Je pou\u017e\u00edvan\u00e1 pro stanoven\u00ed orienta\u010dn\u00edch n\u00e1klad\u016f na v\u00fdstavbu a pro ov\u011b\u0159en\u00ed rozpo\u010dt\u016f u v\u00fdstavby. Pou\u017e\u00edv\u00e1 se tak\u00e9 pro stanoven\u00ed v\u00fd\u0161e ro\u010dn\u00edho pojistn\u00e9ho.&nbsp;<br>Pro rychl\u00e9 sestaven\u00ed t\u00e9to hodnoty lze pou\u017e\u00edt str\u00e1nky: https:\/\/www.cenovasoustava.cz\/<br>&nbsp;Na t\u011bchto str\u00e1nk\u00e1ch jsou pro ka\u017ed\u00fd rok aktualizov\u00e1ny orienta\u010dn\u00ed ceny pro m3 dle typ\u016f nemovitost\u00ed a dle skladby konstrukc\u00ed.&nbsp;<\/p>\n\n\n<p><\/p>\n","protected":false},"excerpt":{"rendered":"<p>Tr\u017en\u00ed hodnota \/ obvykl\u00e1 cena Obvykl\u00e1 cenaDle aktu\u00e1ln\u00ed legislativy pouze cena stanoven\u00e1 porovn\u00e1n\u00edm a to pomoc\u00ed realizovan\u00fdch prodej\u016f obdobn\u00e9ho nemovit\u00e9ho majetku. S minim\u00e1ln\u00edm po\u010dtem t\u0159\u00ed prvk\u016f v porovn\u00e1n\u00ed. Pro pou\u017eit\u00ed obvykl\u00e9 ceny v n\u00e1zvu odhadu je tedy porovnatelnost v m\u00edst\u011b a \u010dase s obchodovan\u00fdmi nemovitostmi. Cenu obvyklou lze tedy v\u011bt\u0161inou stanovit pouze pro byty, domy [&hellip;]<\/p>\n","protected":false},"author":1,"featured_media":0,"parent":0,"menu_order":5,"comment_status":"closed","ping_status":"closed","template":"","meta":[],"_links":{"self":[{"href":"https:\/\/odhadyvesely.cz\/index.php?rest_route=\/wp\/v2\/pages\/6"}],"collection":[{"href":"https:\/\/odhadyvesely.cz\/index.php?rest_route=\/wp\/v2\/pages"}],"about":[{"href":"https:\/\/odhadyvesely.cz\/index.php?rest_route=\/wp\/v2\/types\/page"}],"author":[{"embeddable":true,"href":"https:\/\/odhadyvesely.cz\/index.php?rest_route=\/wp\/v2\/users\/1"}],"replies":[{"embeddable":true,"href":"https:\/\/odhadyvesely.cz\/index.php?rest_route=%2Fwp%2Fv2%2Fcomments&post=6"}],"version-history":[{"count":31,"href":"https:\/\/odhadyvesely.cz\/index.php?rest_route=\/wp\/v2\/pages\/6\/revisions"}],"predecessor-version":[{"id":449,"href":"https:\/\/odhadyvesely.cz\/index.php?rest_route=\/wp\/v2\/pages\/6\/revisions\/449"}],"wp:attachment":[{"href":"https:\/\/odhadyvesely.cz\/index.php?rest_route=%2Fwp%2Fv2%2Fmedia&parent=6"}],"curies":[{"name":"wp","href":"https:\/\/api.w.org\/{rel}","templated":true}]}}