{"id":445,"date":"2023-02-20T13:37:18","date_gmt":"2023-02-20T13:37:18","guid":{"rendered":"https:\/\/odhadyvesely.cz\/?page_id=445"},"modified":"2023-02-20T14:11:22","modified_gmt":"2023-02-20T14:11:22","slug":"odkazy","status":"publish","type":"page","link":"https:\/\/odhadyvesely.cz\/?page_id=445","title":{"rendered":"Odkazy"},"content":{"rendered":"\n<p>Odkazy vyu\u017eiteln\u00e9 pro ocen\u011bn\u00ed<\/p>\n\n\n\n<ul>\n<li><a href=\"https:\/\/nahlizenidokn.cuzk.cz\/\" data-type=\"URL\" data-id=\"https:\/\/nahlizenidokn.cuzk.cz\/\" target=\"_blank\" rel=\"noreferrer noopener\">Nahl\u00ed\u017een\u00ed do katastru nemovitost\u00ed<\/a><\/li>\n\n\n\n<li><a href=\"https:\/\/www.sreality.cz\/\" data-type=\"URL\" data-id=\"https:\/\/www.sreality.cz\/\" target=\"_blank\" rel=\"noreferrer noopener\">Inzerce nemovitost\u00ed &#8211; sreality<\/a><\/li>\n\n\n\n<li><a href=\"https:\/\/www.realingo.cz\/cenova-mapa\" data-type=\"URL\" data-id=\"https:\/\/www.realingo.cz\/cenova-mapa\" target=\"_blank\" rel=\"noreferrer noopener\">Inzerce nemovitost\u00ed s cenovou mapou &#8211; realingo<\/a><\/li>\n\n\n\n<li><a href=\"https:\/\/www.cenovasoustava.cz\/dok\/ceny\/thu_2023.html\" data-type=\"URL\" data-id=\"https:\/\/www.cenovasoustava.cz\/dok\/ceny\/thu_2023.html\" target=\"_blank\" rel=\"noreferrer noopener\">N\u00e1kladov\u00e1 cena &#8211; tabulky dle typ\u016f<\/a><\/li>\n\n\n\n<li><a href=\"https:\/\/povodnovyportal.kraj-lbc.cz\/\" data-type=\"URL\" data-id=\"https:\/\/povodnovyportal.kraj-lbc.cz\/\" target=\"_blank\" rel=\"noreferrer noopener\">Informace o povodn\u00edch &#8211; Libereck\u00fd kraj<\/a><\/li>\n\n\n\n<li><a href=\"https:\/\/www.risy.cz\/cs\/\" data-type=\"URL\" data-id=\"https:\/\/www.risy.cz\/cs\/\" target=\"_blank\" rel=\"noreferrer noopener\">Informace o obc\u00edch v \u010cR<\/a><\/li>\n\n\n\n<li><a href=\"https:\/\/www.justice.cz\/\" data-type=\"URL\" data-id=\"https:\/\/www.justice.cz\/\" target=\"_blank\" rel=\"noreferrer noopener\">Ve\u0159ejn\u00fd rejst\u0159\u00edk spole\u010dnost\u00ed a FO<\/a><\/li>\n<\/ul>\n","protected":false},"excerpt":{"rendered":"<p>Odkazy vyu\u017eiteln\u00e9 pro ocen\u011bn\u00ed<\/p>\n","protected":false},"author":1,"featured_media":0,"parent":0,"menu_order":0,"comment_status":"closed","ping_status":"closed","template":"","meta":[],"_links":{"self":[{"href":"https:\/\/odhadyvesely.cz\/index.php?rest_route=\/wp\/v2\/pages\/445"}],"collection":[{"href":"https:\/\/odhadyvesely.cz\/index.php?rest_route=\/wp\/v2\/pages"}],"about":[{"href":"https:\/\/odhadyvesely.cz\/index.php?rest_route=\/wp\/v2\/types\/page"}],"author":[{"embeddable":true,"href":"https:\/\/odhadyvesely.cz\/index.php?rest_route=\/wp\/v2\/users\/1"}],"replies":[{"embeddable":true,"href":"https:\/\/odhadyvesely.cz\/index.php?rest_route=%2Fwp%2Fv2%2Fcomments&post=445"}],"version-history":[{"count":6,"href":"https:\/\/odhadyvesely.cz\/index.php?rest_route=\/wp\/v2\/pages\/445\/revisions"}],"predecessor-version":[{"id":458,"href":"https:\/\/odhadyvesely.cz\/index.php?rest_route=\/wp\/v2\/pages\/445\/revisions\/458"}],"wp:attachment":[{"href":"https:\/\/odhadyvesely.cz\/index.php?rest_route=%2Fwp%2Fv2%2Fmedia&parent=445"}],"curies":[{"name":"wp","href":"https:\/\/api.w.org\/{rel}","templated":true}]}}