{"id":429,"date":"2023-02-20T11:59:15","date_gmt":"2023-02-20T11:59:15","guid":{"rendered":"https:\/\/odhadyvesely.cz\/?page_id=429"},"modified":"2026-04-06T19:35:24","modified_gmt":"2026-04-06T19:35:24","slug":"orientacni-cenik-sluzeb","status":"publish","type":"page","link":"https:\/\/odhadyvesely.cz\/?page_id=429","title":{"rendered":"Cen\u00edk"},"content":{"rendered":"\n<p>Za zpracov\u00e1n\u00ed odhadu ceny obvykl\u00e9 nebo odhadu tr\u017en\u00ed hodnoty. <br>V\u00fdstup do PDF (raz\u00edtko + el. podpis), dle dohody mo\u017eno i v\u00fdtisk.<br>Cena se odv\u00edj\u00ed od typu nemovitosti. D\u00e1le z\u00e1le\u017e\u00ed, jak\u00e9 jsou dal\u0161\u00ed n\u00e1klady pro zpracov\u00e1n\u00ed (zaji\u0161t\u011bn\u00ed v\u00fdpisu z katastru nemovitost\u00ed, povod\u0148ov\u00e9 riziko, n\u00e1v\u0161t\u011bva archivu). Uv\u00e1d\u00edm soupis b\u011b\u017en\u00fdch cen za zpracov\u00e1n\u00ed dle jednotliv\u00fdch typ\u016f nemovitost\u00ed:<\/p>\n\n\n\n<ul>\n<li><strong>Byty<br><\/strong>Standardn\u00ed velikost a um\u00edst\u011bn\u00ed v typov\u00fdch domech 4500,- K\u010d<br>Atypick\u00e9 byty velikost\u00ed a um\u00edst\u011bn\u00edm, p\u0159\u00edp. projekty v\u00fdstavby 6000,- K\u010d <br><\/li>\n\n\n\n<li><strong>Rodinn\u00e9 domy, rekrea\u010dn\u00ed objekty<\/strong><br>B\u011b\u017en\u00e1 velikost, dostupn\u00e1 dokumentace stavby 5000,- K\u010d<br>Nestandardn\u00ed nebo jinak odli\u0161n\u00e9 s chyb\u011bj\u00edc\u00ed v\u00fdkresovou dokumentac\u00ed od 6000,- K\u010d<br><\/li>\n\n\n\n<li><strong>Pozemky<\/strong> (r\u016fzn\u00e9 druhy, velmi specifick\u00e9 postupy dle vyu\u017eitelnosti)<br>B\u011b\u017en\u00e1 velikost do 3000m2 a b\u011b\u017en\u00fd typ pozemku s vyu\u017eitelnost\u00ed pro v\u00fdstavbu objektu k bydlen\u00ed \/ pole \/ louka \/ rekreace \/ zahrada  4000 &#8211; 5000 ,- K\u010d<br>Specifick\u00e1 vyu\u017eitelnost a nadstandardn\u00ed velikost individu\u00e1ln\u011b.<br><\/li>\n\n\n\n<li><strong>Bytov\u00e9 domy<\/strong><br>S po\u010dtem do 10 samostatn\u00fdch prostor 9000,- K\u010d<br>V\u00edce typ\u016f prostor (nebytov\u00e9 \/ bytov\u00e9) od 10000,-<br><br><\/li>\n\n\n\n<li><strong>Objekty komer\u010dn\u00edho charakteru <\/strong><br>(obchody, provozovny, d\u00edlny, provozn\u00ed a skladov\u00e9 are\u00e1ly)<br>cena stanovena individu\u00e1ln\u011b<br><\/li>\n\n\n\n<li><strong>Gar\u00e1\u017ee<\/strong><br>S b\u011b\u017enou velikost\u00ed 3000,- K\u010d<br><\/li>\n\n\n\n<li><strong>V\u011bcn\u00e1 b\u0159emena<\/strong><br>individu\u00e1ln\u011b<\/li>\n<\/ul>\n\n\n\n<p>*)<em> V p\u0159\u00edpadn\u011b cest mimo Liberec a pro v\u011bt\u0161\u00ed rozsah prac\u00ed po\u017eaduji z\u00e1lohu p\u0159ed zah\u00e1jen\u00edm zpracov\u00e1n\u00ed dle dohody. Jinak je platba standardn\u011b a\u017e po zpracov\u00e1n\u00ed p\u0159i p\u0159ed\u00e1n\u00ed.<\/em><br><em>*)) Slevy v p\u0159\u00edpad\u011b opakovan\u00e9ho ocen\u011bn\u00ed, p\u0159i zad\u00e1n\u00ed v\u011bt\u0161\u00edho mno\u017estv\u00ed odhad\u016f<\/em>.<br><em>*))) Doprava s dojezdem cca 20 min. je bez p\u0159\u00edplatku, pot\u00e9 5K\u010d\/km<\/em><\/p>\n","protected":false},"excerpt":{"rendered":"<p>Za zpracov\u00e1n\u00ed odhadu ceny obvykl\u00e9 nebo odhadu tr\u017en\u00ed hodnoty. V\u00fdstup do PDF (raz\u00edtko + el. podpis), dle dohody mo\u017eno i v\u00fdtisk.Cena se odv\u00edj\u00ed od typu nemovitosti. D\u00e1le z\u00e1le\u017e\u00ed, jak\u00e9 jsou dal\u0161\u00ed n\u00e1klady pro zpracov\u00e1n\u00ed (zaji\u0161t\u011bn\u00ed v\u00fdpisu z katastru nemovitost\u00ed, povod\u0148ov\u00e9 riziko, n\u00e1v\u0161t\u011bva archivu). Uv\u00e1d\u00edm soupis b\u011b\u017en\u00fdch cen za zpracov\u00e1n\u00ed dle jednotliv\u00fdch typ\u016f nemovitost\u00ed: *) V [&hellip;]<\/p>\n","protected":false},"author":1,"featured_media":0,"parent":0,"menu_order":0,"comment_status":"closed","ping_status":"closed","template":"","meta":[],"_links":{"self":[{"href":"https:\/\/odhadyvesely.cz\/index.php?rest_route=\/wp\/v2\/pages\/429"}],"collection":[{"href":"https:\/\/odhadyvesely.cz\/index.php?rest_route=\/wp\/v2\/pages"}],"about":[{"href":"https:\/\/odhadyvesely.cz\/index.php?rest_route=\/wp\/v2\/types\/page"}],"author":[{"embeddable":true,"href":"https:\/\/odhadyvesely.cz\/index.php?rest_route=\/wp\/v2\/users\/1"}],"replies":[{"embeddable":true,"href":"https:\/\/odhadyvesely.cz\/index.php?rest_route=%2Fwp%2Fv2%2Fcomments&post=429"}],"version-history":[{"count":4,"href":"https:\/\/odhadyvesely.cz\/index.php?rest_route=\/wp\/v2\/pages\/429\/revisions"}],"predecessor-version":[{"id":466,"href":"https:\/\/odhadyvesely.cz\/index.php?rest_route=\/wp\/v2\/pages\/429\/revisions\/466"}],"wp:attachment":[{"href":"https:\/\/odhadyvesely.cz\/index.php?rest_route=%2Fwp%2Fv2%2Fmedia&parent=429"}],"curies":[{"name":"wp","href":"https:\/\/api.w.org\/{rel}","templated":true}]}}