{"id":2,"date":"2014-01-24T21:19:42","date_gmt":"2014-01-24T21:19:42","guid":{"rendered":"http:\/\/odhadyvesely.cz\/?page_id=2"},"modified":"2023-02-20T14:22:44","modified_gmt":"2023-02-20T14:22:44","slug":"sample-page","status":"publish","type":"page","link":"https:\/\/odhadyvesely.cz\/","title":{"rendered":"ODHADY NEMOVITOST\u00cd"},"content":{"rendered":"\n<h4>&#8211; odhady obvykl\u00e9 ceny nebo tr\u017en\u00ed hodnoty<br>&#8211; v\u0161echny typy nemovitost\u00ed<br>&#8211; p\u016fsobnost Liberec a okol\u00ed (50 km) <br>&#8211; samostatn\u00e1 \u010dinnost od 2010<br>&#8211; konzultace p\u0159edem zdarma<\/h4>\n\n\n\n<p>Vyu\u017eit\u00ed odhadu je nap\u0159. pro<br>&#8211; pot\u0159eby d\u011bdick\u00e9ho \u0159\u00edzen\u00ed<br>&#8211; stanoven\u00ed ceny k jedn\u00e1n\u00ed p\u0159i prodeji<br>&#8211; ov\u011b\u0159en\u00ed kupn\u00ed \/ prodejn\u00ed ceny<br>&#8211; mo\u017enost zjistit hodnotu v\u011bcn\u00e9ho b\u0159emene, stanoven\u00ed v\u00fd\u0161e n\u00e1jemn\u00e9ho a jin\u00e9.<br><br><strong>Kontaktn\u00ed formul\u00e1\u0159<\/strong><br>v p\u0159\u00edpad\u011b dotaz\u016f mi m\u016f\u017eete napsat nebo rovnou zavolejte:<\/p>\n\n\n\n<div class=\"is-layout-constrained wp-block-group\"><div class=\"wp-block-group__inner-container\">\n<div class=\"wpcf7 no-js\" id=\"wpcf7-f88-o1\" lang=\"cs-CZ\" dir=\"ltr\">\n<div class=\"screen-reader-response\"><p role=\"status\" aria-live=\"polite\" aria-atomic=\"true\"><\/p> <ul><\/ul><\/div>\n<form action=\"\/index.php?rest_route=%2Fwp%2Fv2%2Fpages%2F2#wpcf7-f88-o1\" method=\"post\" class=\"wpcf7-form init\" aria-label=\"Kontaktn\u00ed formul\u00e1\u0159\" novalidate=\"novalidate\" data-status=\"init\">\n<div style=\"display: none;\">\n<input type=\"hidden\" name=\"_wpcf7\" value=\"88\" \/>\n<input type=\"hidden\" name=\"_wpcf7_version\" value=\"5.7.4\" \/>\n<input type=\"hidden\" name=\"_wpcf7_locale\" value=\"cs_CZ\" \/>\n<input type=\"hidden\" name=\"_wpcf7_unit_tag\" value=\"wpcf7-f88-o1\" \/>\n<input type=\"hidden\" name=\"_wpcf7_container_post\" value=\"0\" \/>\n<input type=\"hidden\" name=\"_wpcf7_posted_data_hash\" value=\"\" \/>\n<\/div>\n<p>Va\u0161e jm\u00e9no (vy\u017eadov\u00e1no)\n<\/p>\n<p><span class=\"wpcf7-form-control-wrap\" data-name=\"your-name\"><input size=\"40\" class=\"wpcf7-form-control wpcf7-text wpcf7-validates-as-required\" aria-required=\"true\" aria-invalid=\"false\" value=\"\" type=\"text\" name=\"your-name\" \/><\/span>\n<\/p>\n<p>V\u00e1\u0161 email (vy\u017eadov\u00e1no)\n<\/p>\n<p><span class=\"wpcf7-form-control-wrap\" data-name=\"your-email\"><input size=\"40\" class=\"wpcf7-form-control wpcf7-text wpcf7-email wpcf7-validates-as-required wpcf7-validates-as-email\" aria-required=\"true\" aria-invalid=\"false\" value=\"\" type=\"email\" name=\"your-email\" \/><\/span>\n<\/p>\n<p>P\u0159edm\u011bt\n<\/p>\n<p><span class=\"wpcf7-form-control-wrap\" data-name=\"your-subject\"><input size=\"40\" class=\"wpcf7-form-control wpcf7-text\" aria-invalid=\"false\" value=\"\" type=\"text\" name=\"your-subject\" \/><\/span>\n<\/p>\n<p>Va\u0161e zpr\u00e1va\n<\/p>\n<p><span class=\"wpcf7-form-control-wrap\" data-name=\"your-message\"><textarea cols=\"40\" rows=\"10\" class=\"wpcf7-form-control wpcf7-textarea\" aria-invalid=\"false\" name=\"your-message\"><\/textarea><\/span>\n<\/p>\n<p><input class=\"wpcf7-form-control has-spinner wpcf7-submit\" type=\"submit\" value=\"Odeslat\" \/>\n<\/p><p style=\"display: none !important;\" class=\"akismet-fields-container\" data-prefix=\"_wpcf7_ak_\"><label>&#916;<textarea name=\"_wpcf7_ak_hp_textarea\" cols=\"45\" rows=\"8\" maxlength=\"100\"><\/textarea><\/label><input type=\"hidden\" id=\"ak_js_1\" name=\"_wpcf7_ak_js\" value=\"227\"\/><script type=\"text\/javascript\">\ndocument.getElementById( \"ak_js_1\" ).setAttribute( \"value\", ( new Date() ).getTime() );\n<\/script>\n<\/p><div class=\"wpcf7-response-output\" aria-hidden=\"true\"><\/div>\n<\/form>\n<\/div>\n\n<\/div><\/div>\n","protected":false},"excerpt":{"rendered":"<p>&#8211; odhady obvykl\u00e9 ceny nebo tr\u017en\u00ed hodnoty&#8211; v\u0161echny typy nemovitost\u00ed&#8211; p\u016fsobnost Liberec a okol\u00ed (50 km) &#8211; samostatn\u00e1 \u010dinnost od 2010&#8211; konzultace p\u0159edem zdarma Vyu\u017eit\u00ed odhadu je nap\u0159. pro&#8211; pot\u0159eby d\u011bdick\u00e9ho \u0159\u00edzen\u00ed&#8211; stanoven\u00ed ceny k jedn\u00e1n\u00ed p\u0159i prodeji&#8211; ov\u011b\u0159en\u00ed kupn\u00ed \/ prodejn\u00ed ceny&#8211; mo\u017enost zjistit hodnotu v\u011bcn\u00e9ho b\u0159emene, stanoven\u00ed v\u00fd\u0161e n\u00e1jemn\u00e9ho a jin\u00e9. Kontaktn\u00ed formul\u00e1\u0159v [&hellip;]<\/p>\n","protected":false},"author":1,"featured_media":0,"parent":0,"menu_order":0,"comment_status":"closed","ping_status":"closed","template":"","meta":[],"_links":{"self":[{"href":"https:\/\/odhadyvesely.cz\/index.php?rest_route=\/wp\/v2\/pages\/2"}],"collection":[{"href":"https:\/\/odhadyvesely.cz\/index.php?rest_route=\/wp\/v2\/pages"}],"about":[{"href":"https:\/\/odhadyvesely.cz\/index.php?rest_route=\/wp\/v2\/types\/page"}],"author":[{"embeddable":true,"href":"https:\/\/odhadyvesely.cz\/index.php?rest_route=\/wp\/v2\/users\/1"}],"replies":[{"embeddable":true,"href":"https:\/\/odhadyvesely.cz\/index.php?rest_route=%2Fwp%2Fv2%2Fcomments&post=2"}],"version-history":[{"count":46,"href":"https:\/\/odhadyvesely.cz\/index.php?rest_route=\/wp\/v2\/pages\/2\/revisions"}],"predecessor-version":[{"id":464,"href":"https:\/\/odhadyvesely.cz\/index.php?rest_route=\/wp\/v2\/pages\/2\/revisions\/464"}],"wp:attachment":[{"href":"https:\/\/odhadyvesely.cz\/index.php?rest_route=%2Fwp%2Fv2%2Fmedia&parent=2"}],"curies":[{"name":"wp","href":"https:\/\/api.w.org\/{rel}","templated":true}]}}